{"id":58,"date":"2019-03-26T10:47:35","date_gmt":"2019-03-26T10:47:35","guid":{"rendered":"https:\/\/discapacidad.archimadrid.es\/?page_id=58"},"modified":"2019-03-26T10:47:35","modified_gmt":"2019-03-26T10:47:35","slug":"guia-2","status":"publish","type":"page","link":"https:\/\/discapacidad.archimadrid.es\/index.php\/guia-2\/","title":{"rendered":"Guia"},"content":{"rendered":"<p>En diciembre de 2017, la Comisi\u00f3n Diocesana de Atenci\u00f3n a Personas con Discapacidad del Arzobispado de Madrid hizo p\u00fablico el documento\u00a0<em>La persona con discapacidad y su lugar en la Iglesia. Gu\u00eda para la acogida eclesial<\/em>\u00a0[disponible\u00a0<a href=\"http:\/\/archimadrid.org\/images\/Jornadas_Cursos_Eventos\/2017\/12\/Folleto_Dia_Discapacitados.pdf\" target=\"_blank\" rel=\"noopener noreferrer\">aqu\u00ed en PDF<\/a>]. Ahora, en colaboraci\u00f3n la la Fundaci\u00f3n SM, se edita en formato papel. El acto de presentaci\u00f3n se celebr\u00e1 el mi\u00e9rcoles 27 de marzo, a las 19:00 horas, en el sal\u00f3n de\u00a0<em>Alfa y Omega<\/em>\u00a0(La Pasa, 3), con la participaci\u00f3n del cardenal Carlos Osoro, arzobispo de Madrid.<\/p>\n<p>El propio purpurado ha mandado ejemplares de la gu\u00eda a los templos de la di\u00f3cesis con el deseo de las comunidades cristianas sean \u00ab\u00e1mbitos gozosos de acogida, inclusi\u00f3n y hospitalidad\u00bb.<\/p>\n<p>Elaborada en estrecha colaboraci\u00f3n con personas con capacidades diferentes, la gu\u00eda anima a sacerdotes y fieles a trabajar por la inclusi\u00f3n en la comunidad parroquial. En este sentido, reconoce que queda mucho camino por recorrer y advierte de que, a quienes hay que incluir, es a personas concretas y no a grupos o tipolog\u00edas de personas, y mucho menos de discapacidades.<\/p>\n<p>El documento proporciona consejos sobre qu\u00e9 hacer y c\u00f3mo comportarse cuando llega a la parroquia una persona con discapacidad o con alguna dificultad concreta. Se trata de facilitar la accesibilidad de estas personas a los templos, as\u00ed como su participaci\u00f3n en la liturgia, en los sacramentos y en las actividades parroquiales.<\/p>\n","protected":false},"excerpt":{"rendered":"<p>En diciembre de 2017, la Comisi\u00f3n Diocesana de Atenci\u00f3n a Personas con Discapacidad del Arzobispado de Madrid hizo p\u00fablico el documento\u00a0La persona con discapacidad y su lugar en la Iglesia. Gu\u00eda para la acogida eclesial\u00a0[disponible\u00a0aqu\u00ed en PDF]. Ahora, en colaboraci\u00f3n la la Fundaci\u00f3n SM, se edita en formato papel. El acto de presentaci\u00f3n se celebr\u00e1 [&hellip;]<\/p>\n","protected":false},"author":2,"featured_media":0,"parent":0,"menu_order":0,"comment_status":"closed","ping_status":"closed","template":"","meta":{"site-sidebar-layout":"default","site-content-layout":"default","ast-site-content-layout":"default","site-content-style":"default","site-sidebar-style":"default","ast-global-header-display":"","ast-banner-title-visibility":"","ast-main-header-display":"","ast-hfb-above-header-display":"","ast-hfb-below-header-display":"","ast-hfb-mobile-header-display":"","site-post-title":"","ast-breadcrumbs-content":"","ast-featured-img":"","footer-sml-layout":"","ast-disable-related-posts":"","theme-transparent-header-meta":"default","adv-header-id-meta":"","stick-header-meta":"","header-above-stick-meta":"","header-main-stick-meta":"","header-below-stick-meta":"","astra-migrate-meta-layouts":"default","ast-page-background-enabled":"default","ast-page-background-meta":{"desktop":{"background-color":"","background-image":"","background-repeat":"repeat","background-position":"center center","background-size":"auto","background-attachment":"scroll","background-type":"","background-media":"","overlay-type":"","overlay-color":"","overlay-opacity":"","overlay-gradient":""},"tablet":{"background-color":"","background-image":"","background-repeat":"repeat","background-position":"center center","background-size":"auto","background-attachment":"scroll","background-type":"","background-media":"","overlay-type":"","overlay-color":"","overlay-opacity":"","overlay-gradient":""},"mobile":{"background-color":"","background-image":"","background-repeat":"repeat","background-position":"center center","background-size":"auto","background-attachment":"scroll","background-type":"","background-media":"","overlay-type":"","overlay-color":"","overlay-opacity":"","overlay-gradient":""}},"ast-content-background-meta":{"desktop":{"background-color":"var(--ast-global-color-5)","background-image":"","background-repeat":"repeat","background-position":"center center","background-size":"auto","background-attachment":"scroll","background-type":"","background-media":"","overlay-type":"","overlay-color":"","overlay-opacity":"","overlay-gradient":""},"tablet":{"background-color":"var(--ast-global-color-5)","background-image":"","background-repeat":"repeat","background-position":"center center","background-size":"auto","background-attachment":"scroll","background-type":"","background-media":"","overlay-type":"","overlay-color":"","overlay-opacity":"","overlay-gradient":""},"mobile":{"background-color":"var(--ast-global-color-5)","background-image":"","background-repeat":"repeat","background-position":"center center","background-size":"auto","background-attachment":"scroll","background-type":"","background-media":"","overlay-type":"","overlay-color":"","overlay-opacity":"","overlay-gradient":""}},"footnotes":""},"class_list":["post-58","page","type-page","status-publish","hentry"],"_links":{"self":[{"href":"https:\/\/discapacidad.archimadrid.es\/index.php\/wp-json\/wp\/v2\/pages\/58","targetHints":{"allow":["GET"]}}],"collection":[{"href":"https:\/\/discapacidad.archimadrid.es\/index.php\/wp-json\/wp\/v2\/pages"}],"about":[{"href":"https:\/\/discapacidad.archimadrid.es\/index.php\/wp-json\/wp\/v2\/types\/page"}],"author":[{"embeddable":true,"href":"https:\/\/discapacidad.archimadrid.es\/index.php\/wp-json\/wp\/v2\/users\/2"}],"replies":[{"embeddable":true,"href":"https:\/\/discapacidad.archimadrid.es\/index.php\/wp-json\/wp\/v2\/comments?post=58"}],"version-history":[{"count":1,"href":"https:\/\/discapacidad.archimadrid.es\/index.php\/wp-json\/wp\/v2\/pages\/58\/revisions"}],"predecessor-version":[{"id":59,"href":"https:\/\/discapacidad.archimadrid.es\/index.php\/wp-json\/wp\/v2\/pages\/58\/revisions\/59"}],"wp:attachment":[{"href":"https:\/\/discapacidad.archimadrid.es\/index.php\/wp-json\/wp\/v2\/media?parent=58"}],"curies":[{"name":"wp","href":"https:\/\/api.w.org\/{rel}","templated":true}]}}